{"id":77,"date":"2022-09-04T13:43:21","date_gmt":"2022-09-04T13:43:21","guid":{"rendered":"https:\/\/usilia.fr\/?page_id=77"},"modified":"2023-04-04T08:10:07","modified_gmt":"2023-04-04T08:10:07","slug":"site-1","status":"publish","type":"page","link":"https:\/\/usilia.fr\/","title":{"rendered":"Accueil"},"content":{"rendered":"\n\n[et_pb_section fb_built=\u00a0\u00bb1&Prime; fullwidth=\u00a0\u00bbon\u00a0\u00bb _builder_version=\u00a0\u00bb4.17.4&Prime; _module_preset=\u00a0\u00bbdefault\u00a0\u00bb global_colors_info=\u00a0\u00bb{}\u00a0\u00bb][et_pb_fullwidth_header title=\u00a0\u00bbOn accompagne les e-commer\u00e7ants pour augmenter leur chiffre d\u2019affaires de 30% gr\u00e2ce aux e-mails &#038; aux SMS. \u00a0\u00bb button_one_text=\u00a0\u00bbObtenir mon audit offert\u00a0\u00bb button_one_url=\u00a0\u00bbhttps:\/\/calendly.com\/aymeric-usilia\/30min\u00a0\u00bb button_one_text_last_edited=\u00a0\u00bboff|desktop\u00a0\u00bb _builder_version=\u00a0\u00bb4.17.4&Prime; _module_preset=\u00a0\u00bbdefault\u00a0\u00bb title_text_align=\u00a0\u00bbcenter\u00a0\u00bb content_text_align=\u00a0\u00bbcenter\u00a0\u00bb background_color=\u00a0\u00bb#DD3535&Prime; hover_enabled=\u00a0\u00bb0&Prime; global_colors_info=\u00a0\u00bb{}\u00a0\u00bb button_one_text__hover_enabled=\u00a0\u00bboff|hover\u00a0\u00bb title__hover_enabled=\u00a0\u00bbon|desktop\u00a0\u00bb sticky_enabled=\u00a0\u00bb0&Prime; title_last_edited=\u00a0\u00bbon|phone\u00a0\u00bb title_phone=\u00a0\u00bbDes emails qui boostent votre chiffre d&rsquo;affaires\u00a0\u00bb text_shadow_style=\u00a0\u00bbpreset2&Prime; text_shadow_horizontal_length=\u00a0\u00bb0.11em\u00a0\u00bb text_shadow_color=\u00a0\u00bb#000000&Prime; custom_button_one=\u00a0\u00bbon\u00a0\u00bb button_one_text_color=\u00a0\u00bb#FFFFFF\u00a0\u00bb button_one_bg_color=\u00a0\u00bb#0a0a0a\u00a0\u00bb button_one_bg_enable_color=\u00a0\u00bbon\u00a0\u00bb button_one_border_color=\u00a0\u00bb#FFFFFF\u00a0\u00bb box_shadow_style_button_one=\u00a0\u00bbpreset1&Prime; button_one_border_width=\u00a0\u00bb1px\u00a0\u00bb button_one_icon=\u00a0\u00bb&#x35;||divi||400&Prime; button_one_custom_margin=\u00a0\u00bb||-24px|40px|false|false\u00a0\u00bb title_font=\u00a0\u00bbRaleway||||||||\u00a0\u00bb title_font_size=\u00a0\u00bb25px\u00a0\u00bb content_font=\u00a0\u00bbMontserrat||||||||\u00a0\u00bb content_font_size=\u00a0\u00bb12px\u00a0\u00bb button_one_text_size=\u00a0\u00bb17px\u00a0\u00bb button_one_font=\u00a0\u00bbRaleway||||||||\u00a0\u00bb title__hover=\u00a0\u00bbOn accompagne les e-commer\u00e7ants pour augmenter leur chiffre d\u2019affaires de 30% gr\u00e2ce aux e-mails &#038; aux SMS. \u00a0\u00bb title_tablet=\u00a0\u00bbOn accompagne les e-commer\u00e7ants pour augmenter leur chiffre d\u2019affaires de 30% gr\u00e2ce aux e-mails &#038; aux SMS. \u00ab\u00a0]<p style=\"text-align: center;\">Usilia accompagne les marques e-commerce \u00e0 augmenter leurs revenus et am\u00e9liorer l&rsquo;exp\u00e9rience client.<\/p>[\/et_pb_fullwidth_header][\/et_pb_section][et_pb_section fb_built=\u00a0\u00bb1&Prime; _builder_version=\u00a0\u00bb4.17.4&Prime; _module_preset=\u00a0\u00bbdefault\u00a0\u00bb hover_enabled=\u00a0\u00bb0&Prime; global_colors_info=\u00a0\u00bb{}\u00a0\u00bb sticky_enabled=\u00a0\u00bb0&Prime;][et_pb_row column_structure=\u00a0\u00bb1_3,1_3,1_3&Prime; _builder_version=\u00a0\u00bb4.17.4&Prime; _module_preset=\u00a0\u00bbdefault\u00a0\u00bb hover_enabled=\u00a0\u00bb0&Prime; locked=\u00a0\u00bboff\u00a0\u00bb global_colors_info=\u00a0\u00bb{}\u00a0\u00bb sticky_enabled=\u00a0\u00bb0&Prime;][et_pb_column type=\u00a0\u00bb1_3&Prime; _builder_version=\u00a0\u00bb4.17.4&Prime; _module_preset=\u00a0\u00bbdefault\u00a0\u00bb hover_enabled=\u00a0\u00bb0&Prime; global_colors_info=\u00a0\u00bb{}\u00a0\u00bb sticky_enabled=\u00a0\u00bb0&Prime;][et_pb_blurb title=\u00a0\u00bb+ 29%\u00a0\u00bb use_icon=\u00a0\u00bbon\u00a0\u00bb font_icon=\u00a0\u00bb&#xe03e;||divi||400&Prime; icon_color=\u00a0\u00bb#000000&Prime; _builder_version=\u00a0\u00bb4.17.4&Prime; _module_preset=\u00a0\u00bbdefault\u00a0\u00bb header_font=\u00a0\u00bb|||on|||||\u00a0\u00bb header_text_align=\u00a0\u00bbcenter\u00a0\u00bb body_font=\u00a0\u00bb||||||||\u00a0\u00bb body_text_align=\u00a0\u00bbjustify\u00a0\u00bb body_text_color=\u00a0\u00bb#000000&Prime; text_orientation=\u00a0\u00bbcenter\u00a0\u00bb hover_enabled=\u00a0\u00bb0&Prime; global_colors_info=\u00a0\u00bb{}\u00a0\u00bb sticky_enabled=\u00a0\u00bb0&Prime;]<p style=\"text-align: center;\">C&rsquo;est le chiffre d&rsquo;affaires que nous g\u00e9n\u00e9rons en moyenne pour nos clients.<\/p>[\/et_pb_blurb][\/et_pb_column][et_pb_column type=\u00a0\u00bb1_3&Prime; _builder_version=\u00a0\u00bb4.17.4&Prime; _module_preset=\u00a0\u00bbdefault\u00a0\u00bb global_colors_info=\u00a0\u00bb{}\u00a0\u00bb][et_pb_blurb title=\u00a0\u00bbROI de 43&Prime; use_icon=\u00a0\u00bbon\u00a0\u00bb font_icon=\u00a0\u00bb&#xf0e2;||fa||900&Prime; icon_color=\u00a0\u00bb#000000&Prime; _builder_version=\u00a0\u00bb4.17.4&Prime; _module_preset=\u00a0\u00bbdefault\u00a0\u00bb header_font=\u00a0\u00bb|||on|||||\u00a0\u00bb header_text_align=\u00a0\u00bbcenter\u00a0\u00bb body_font=\u00a0\u00bb||||||||\u00a0\u00bb body_text_align=\u00a0\u00bbjustify\u00a0\u00bb body_text_color=\u00a0\u00bb#000000&Prime; text_orientation=\u00a0\u00bbcenter\u00a0\u00bb hover_enabled=\u00a0\u00bb0&Prime; locked=\u00a0\u00bboff\u00a0\u00bb global_colors_info=\u00a0\u00bb{}\u00a0\u00bb sticky_enabled=\u00a0\u00bb0&Prime;]<p style=\"text-align: center;\">L&#8217;email marketing est un canal ultra-rentable. Pourquoi ? C&rsquo;est simple, les co\u00fbts d&rsquo;envois sont tr\u00e8s faibles.<\/p>[\/et_pb_blurb][\/et_pb_column][et_pb_column type=\u00a0\u00bb1_3&Prime; _builder_version=\u00a0\u00bb4.17.4&Prime; _module_preset=\u00a0\u00bbdefault\u00a0\u00bb global_colors_info=\u00a0\u00bb{}\u00a0\u00bb][et_pb_blurb title=\u00a0\u00bbMise en place de A \u00e0 Z\u00a0\u00bb use_icon=\u00a0\u00bbon\u00a0\u00bb font_icon=\u00a0\u00bb&#x5a;||divi||400&Prime; icon_color=\u00a0\u00bb#000000&Prime; _builder_version=\u00a0\u00bb4.17.4&Prime; _module_preset=\u00a0\u00bbdefault\u00a0\u00bb header_font=\u00a0\u00bb|||on|||||\u00a0\u00bb header_text_align=\u00a0\u00bbcenter\u00a0\u00bb body_font=\u00a0\u00bb||||||||\u00a0\u00bb body_text_align=\u00a0\u00bbjustify\u00a0\u00bb body_text_color=\u00a0\u00bb#000000&Prime; text_orientation=\u00a0\u00bbcenter\u00a0\u00bb hover_enabled=\u00a0\u00bb0&Prime; locked=\u00a0\u00bboff\u00a0\u00bb global_colors_info=\u00a0\u00bb{}\u00a0\u00bb sticky_enabled=\u00a0\u00bb0&Prime;]<p style=\"text-align: center;\">Int\u00e9gration, segmentation, mise en place de vos flows personnalis\u00e9s, campagnes, newsletter et A\/B Testing.<\/p>[\/et_pb_blurb][\/et_pb_column][\/et_pb_row][\/et_pb_section]\n\n","protected":false},"excerpt":{"rendered":"<p>Usilia accompagne les marques e-commerce \u00e0 augmenter leurs revenus et am\u00e9liorer l&rsquo;exp\u00e9rience client.C&rsquo;est le chiffre d&rsquo;affaires que nous g\u00e9n\u00e9rons en moyenne pour nos clients.L&#8217;email marketing est un canal ultra-rentable. Pourquoi ? C&rsquo;est simple, les co\u00fbts d&rsquo;envois sont tr\u00e8s faibles.Int\u00e9gration, segmentation, mise en place de vos flows personnalis\u00e9s, campagnes, newsletter et A\/B Testing.<\/p>\n","protected":false},"author":1,"featured_media":0,"parent":0,"menu_order":0,"comment_status":"closed","ping_status":"closed","template":"","meta":{"_et_pb_use_builder":"on","_et_pb_old_content":"","_et_gb_content_width":"","om_disable_all_campaigns":false,"_monsterinsights_skip_tracking":false,"_monsterinsights_sitenote_active":false,"_monsterinsights_sitenote_note":"","_monsterinsights_sitenote_category":0},"_links":{"self":[{"href":"https:\/\/usilia.fr\/index.php?rest_route=\/wp\/v2\/pages\/77"}],"collection":[{"href":"https:\/\/usilia.fr\/index.php?rest_route=\/wp\/v2\/pages"}],"about":[{"href":"https:\/\/usilia.fr\/index.php?rest_route=\/wp\/v2\/types\/page"}],"author":[{"embeddable":true,"href":"https:\/\/usilia.fr\/index.php?rest_route=\/wp\/v2\/users\/1"}],"replies":[{"embeddable":true,"href":"https:\/\/usilia.fr\/index.php?rest_route=%2Fwp%2Fv2%2Fcomments&post=77"}],"version-history":[{"count":18,"href":"https:\/\/usilia.fr\/index.php?rest_route=\/wp\/v2\/pages\/77\/revisions"}],"predecessor-version":[{"id":232,"href":"https:\/\/usilia.fr\/index.php?rest_route=\/wp\/v2\/pages\/77\/revisions\/232"}],"wp:attachment":[{"href":"https:\/\/usilia.fr\/index.php?rest_route=%2Fwp%2Fv2%2Fmedia&parent=77"}],"curies":[{"name":"wp","href":"https:\/\/api.w.org\/{rel}","templated":true}]}}